{"id":34,"date":"2014-12-15T18:48:40","date_gmt":"2014-12-15T18:48:40","guid":{"rendered":"http:\/\/www.eve-noire.com\/?page_id=34"},"modified":"2026-03-07T14:22:37","modified_gmt":"2026-03-07T14:22:37","slug":"virginie-aster","status":"publish","type":"page","link":"https:\/\/eve-noire.com\/en\/virginie-aster\/","title":{"rendered":"Virginie Aster"},"content":{"rendered":"<p><em><strong><img loading=\"lazy\" decoding=\"async\" class=\"wp-image-637 size-medium alignright\" src=\"https:\/\/eve-noire.com\/wp-content\/uploads\/576CEAAD-8691-4CFD-9FC0-D050EA2D4868_1_105_c-259x345.jpeg\" alt=\"\" width=\"259\" height=\"345\" srcset=\"https:\/\/eve-noire.com\/wp-content\/uploads\/576CEAAD-8691-4CFD-9FC0-D050EA2D4868_1_105_c-259x345.jpeg 259w, https:\/\/eve-noire.com\/wp-content\/uploads\/576CEAAD-8691-4CFD-9FC0-D050EA2D4868_1_105_c-216x288.jpeg 216w, https:\/\/eve-noire.com\/wp-content\/uploads\/576CEAAD-8691-4CFD-9FC0-D050EA2D4868_1_105_c-624x832.jpeg 624w, https:\/\/eve-noire.com\/wp-content\/uploads\/576CEAAD-8691-4CFD-9FC0-D050EA2D4868_1_105_c.jpeg 768w\" sizes=\"auto, (max-width: 259px) 100vw, 259px\" \/><\/strong><\/em><\/p>\n<p class=\"p1\"><strong>Compositrice<\/strong> et violoniste, Virginie Aster d\u00e9veloppe une \u00e9criture musicale profond\u00e9ment li\u00e9e \u00e0 la sc\u00e8ne et \u00e0 la rencontre des arts. Son travail explore les dialogues entre musique, image, mouvement et espace sc\u00e9nique.<\/p>\n<p class=\"p1\">Cette recherche trouve une expression particuli\u00e8re dans <strong>\u00c8ve Noire<\/strong>, \u0153uvre sc\u00e9nique pour violon et percussions n\u00e9e d\u2019un s\u00e9jour en Afrique subsaharienne, o\u00f9 la compositrice est partie avec son violon \u00e0 la rencontre de percussionnistes africains. De cette exp\u00e9rience humaine et musicale est n\u00e9e une cr\u00e9ation qui explore la rencontre des cultures, le dialogue des langages et la pr\u00e9sence des interpr\u00e8tes sur sc\u00e8ne.<\/p>\n<p class=\"p1\">Form\u00e9e au Conservatoire National Sup\u00e9rieur de Musique de Paris et \u00e0 l\u2019\u00c9cole Normale de Musique de Paris, Virginie Aster obtient plusieurs prix en violon, solf\u00e8ge sp\u00e9cialis\u00e9, harmonie et analyse. Elle \u00e9tudie l\u2019\u00e9criture musicale aupr\u00e8s de trois Grands Prix de Rome \u2014 Christian Manen, Roger Boutry et Claude Pascal \u2014 et poursuit parall\u00e8lement sa formation de violoniste aupr\u00e8s de Claire Bernard, Jean Mouill\u00e8re, Igal Shamir et Marie-Claude Theuveny.<\/p>\n<p class=\"p1\">Sa premi\u00e8re \u0153uvre, <i>Under the Influence<\/i> pour violon seul, est cr\u00e9\u00e9e au Th\u00e9\u00e2tre du Lucernaire \u00e0 Paris dans une forme sc\u00e9nique associant musique, danse et vid\u00e9o. Le violoniste international Alexander Markov salue alors \u00ab une composition tout simplement merveilleuse \u00bb.<\/p>\n<p class=\"p1\">Plusieurs de ses \u0153uvres sont ensuite cr\u00e9\u00e9es par des musiciens et ensembles reconnus : <i>Instants<\/i> pour alto solo, cr\u00e9\u00e9 par Anne-Aurore Anstett de l\u2019Orchestre de l\u2019Op\u00e9ra de Paris ; <i>Turbulence(s)<\/i> pour violon et piano, r\u00e9compens\u00e9 par le Prix de composition La Musique et la Mer lors du Festival Mondial de l\u2019Image Sous-Marine ; ou encore <i>Substance<\/i> pour fl\u00fbte et trio \u00e0 cordes, commande de l\u2019Ensemble H\u00e9lios. Elle compose \u00e9galement <i>Children of the Dragon<\/i>, conte musical pour violon et r\u00e9citant(s), con\u00e7u avec l\u2019\u00e9crivaine Sofia Martin.<\/p>\n<p class=\"p1\">Dans le prolongement de sa recherche artistique, Virginie Aster compose <i>Street Music<\/i>, pi\u00e8ce pour violon solo inspir\u00e9e par l\u2019\u00e9nergie du Street Art. L\u2019\u0153uvre, enregistr\u00e9e par \u00c9va Zavaro, est cr\u00e9\u00e9e lors d\u2019une performance au salon Solid\u2019Art tandis que l\u2019artiste Jef A\u00e9rosol r\u00e9alise simultan\u00e9ment le pochoir <i>La petite violoniste<\/i>, con\u00e7u pour dialoguer avec la musique.<\/p>\n<p class=\"p1\">Dans cette m\u00eame relation entre musique et arts visuels, Virginie Aster compose \u00e9galement <i>R\u00eave haute tension<\/i>, pi\u00e8ce inspir\u00e9e par l\u2019\u0153uvre \u00e9ponyme du peintre Peter Klasen, figure majeure de la Figuration narrative.<\/p>\n<p class=\"p1\">Plusieurs des \u0153uvres de Virginie Aster sont publi\u00e9es aux \u00e9ditions Billaudot.<\/p>\n<p class=\"p1\">Parall\u00e8lement \u00e0 son activit\u00e9 de compositrice et d\u2019interpr\u00e8te, Virginie Aster d\u00e9veloppe une r\u00e9flexion approfondie sur la pr\u00e9sence sc\u00e9nique et le trac des artistes-interpr\u00e8tes. Son livre <i>Le Trac ou l\u2019art d\u2019\u00eatre en sc\u00e8ne<\/i>, publi\u00e9 aux \u00e9ditions Billaudot le 2 mars 2026, prolonge ce travail de recherche et de transmission.<\/p>\n<p class=\"p1\">Elle enseigne \u00e9galement le violon en priv\u00e9 \u00e0 Issy-les-Moulineaux et intervient notamment au Conservatoire National Sup\u00e9rieur de Musique et de Danse de Paris et \u00e0 la Philharmonie autour des questions de m\u00e9diation et de trac.<\/p>\n<p class=\"p1\">Virginie Aster est fondatrice de l\u2019association ArTransversal.<\/p>\n<p>Read more : <a href=\"http:\/\/www.aster-musique.com\/\" target=\"_blank\" rel=\"noopener\">www.aster-musique.com<\/a><\/p>","protected":false},"excerpt":{"rendered":"<p>Compositrice et violoniste, Virginie Aster d\u00e9veloppe une \u00e9criture musicale profond\u00e9ment li\u00e9e \u00e0 la sc\u00e8ne et \u00e0 la rencontre des arts. Son travail explore les dialogues entre musique, image, mouvement et espace sc\u00e9nique. Cette recherche trouve une expression particuli\u00e8re dans \u00c8ve Noire, \u0153uvre sc\u00e9nique pour violon et percussions n\u00e9e d\u2019un s\u00e9jour en Afrique subsaharienne, o\u00f9 la [&hellip;]<\/p>\n","protected":false},"author":1,"featured_media":0,"parent":0,"menu_order":0,"comment_status":"closed","ping_status":"closed","template":"","meta":{"footnotes":""},"class_list":["post-34","page","type-page","status-publish","hentry"],"_links":{"self":[{"href":"https:\/\/eve-noire.com\/en\/wp-json\/wp\/v2\/pages\/34","targetHints":{"allow":["GET"]}}],"collection":[{"href":"https:\/\/eve-noire.com\/en\/wp-json\/wp\/v2\/pages"}],"about":[{"href":"https:\/\/eve-noire.com\/en\/wp-json\/wp\/v2\/types\/page"}],"author":[{"embeddable":true,"href":"https:\/\/eve-noire.com\/en\/wp-json\/wp\/v2\/users\/1"}],"replies":[{"embeddable":true,"href":"https:\/\/eve-noire.com\/en\/wp-json\/wp\/v2\/comments?post=34"}],"version-history":[{"count":35,"href":"https:\/\/eve-noire.com\/en\/wp-json\/wp\/v2\/pages\/34\/revisions"}],"predecessor-version":[{"id":683,"href":"https:\/\/eve-noire.com\/en\/wp-json\/wp\/v2\/pages\/34\/revisions\/683"}],"wp:attachment":[{"href":"https:\/\/eve-noire.com\/en\/wp-json\/wp\/v2\/media?parent=34"}],"curies":[{"name":"wp","href":"https:\/\/api.w.org\/{rel}","templated":true}]}}