{"id":36,"date":"2014-12-15T18:49:25","date_gmt":"2014-12-15T18:49:25","guid":{"rendered":"http:\/\/www.eve-noire.com\/?page_id=36"},"modified":"2026-03-07T14:27:39","modified_gmt":"2026-03-07T14:27:39","slug":"fiona-monbet","status":"publish","type":"page","link":"https:\/\/eve-noire.com\/en\/fiona-monbet\/","title":{"rendered":"Elsa Grether"},"content":{"rendered":"<p><img loading=\"lazy\" decoding=\"async\" class=\"wp-image-594 alignleft\" src=\"https:\/\/eve-noire.com\/wp-content\/uploads\/Screenshot-2025-10-06-at-15.11.52-274x345.png\" alt=\"\" width=\"243\" height=\"306\" srcset=\"https:\/\/eve-noire.com\/wp-content\/uploads\/Screenshot-2025-10-06-at-15.11.52-274x345.png 274w, https:\/\/eve-noire.com\/wp-content\/uploads\/Screenshot-2025-10-06-at-15.11.52-229x288.png 229w, https:\/\/eve-noire.com\/wp-content\/uploads\/Screenshot-2025-10-06-at-15.11.52.png 576w\" sizes=\"auto, (max-width: 243px) 100vw, 243px\" \/><\/p>\n<p class=\"p1\">Reconnue en France comme \u00e0 l\u2019international, la violoniste fran\u00e7aise Elsa Grether est l\u2019invit\u00e9e r\u00e9guli\u00e8re de salles et festivals prestigieux : Carnegie Weill de New York, Les Folles Journ\u00e9es de Nantes, Printemps des Arts de Monte-Carlo, Festivals Berlioz, Menton, Sully et du Loiret, Abbayes en Lorraine, Fontevraud, Musicales de Normandie, Flagey et Bozar en Belgique, Radio Suisse Romande et Festival Musiques en \u00c9t\u00e9 \u00e0 Gen\u00e8ve, Mozarteum de Salzbourg, Palazzetto Bru Zane \u00e0 Venise, pour n\u2019en citer que quelques-uns.<\/p>\n<p class=\"p1\">En soliste avec orchestre, elle a interpr\u00e9t\u00e9 les grands concertos du r\u00e9pertoire, de Bach et Mozart \u00e0 Beethoven, Brahms, Tcha\u00efkovsky, Saint-Sa\u00ebns, Sibelius, Dvo\u0159\u00e1k, Prokofiev et Tomasi, avec notamment les Orchestres Symphoniques de Mulhouse, de Cannes, de Briansk, le Philharmonique du Liban, l\u2019Indiana Philharmonic Orchestra et le Deutsch-Tschechicher Kammerorchester.<\/p>\n<p class=\"p1\">Elle a notamment interpr\u00e9t\u00e9 le Concerto de Sibelius avec Fran\u00e7ois-Xavier Roth et la Jeune Symphonie de l\u2019Aisne et des membres des Si\u00e8cles, ainsi que le Concerto de Tomasi avec Jacques Lacombe et l\u2019Orchestre Symphonique de Mulhouse.<\/p>\n<p class=\"p1\">Elle s\u2019est produite en r\u00e9cital dans de nombreuses salles europ\u00e9ennes, notamment \u00e0 la Philharmonie de Berlin, \u00e0 la Folle Journ\u00e9e de Nantes, ainsi qu\u2019\u00e0 Paris (Invalides, Salle Cortot, Petit Palais), Li\u00e8ge, D\u00fcsseldorf, Reims et Antibes.<\/p>\n<p class=\"p1\">Parmi ses projets r\u00e9cents figurent notamment le Concerto pour violon de Kurt Weill, <i>Poema Autunnale<\/i> de Respighi et <i>Kaddish<\/i> de Ravel aux Invalides \u00e0 Paris en soliste avec l\u2019Orchestre de l\u2019Arm\u00e9e de l\u2019air, ainsi que des r\u00e9citals \u00e0 Flagey \u00e0 Bruxelles, Amiens Maison de la Culture, Soissons Cit\u00e9 de la Musique et de la Danse, au Prieur\u00e9 de Marast (cr\u00e9ation avec danse flamenco contemporain autour du CD <i>Granada<\/i>), \u00e0 la Maison Jean Cocteau et \u00e0 l\u2019Abbatiale d\u2019Ebersmunster (Hommage \u00e0 Albert Schweitzer).<\/p>\n<p class=\"p1\">Ses enregistrements parus chez Outhere \u2014 <i>Po\u00e8me Mystique<\/i> (2013), <i>French R\u00e9sonance<\/i> (2015) avec les pianistes Ferenc Vizi et Fran\u00e7ois Dumont, <i>Kal\u00e9idoscope<\/i> (2017) consacr\u00e9 au r\u00e9pertoire pour violon seul, et <i>Prokofiev<\/i> avec le pianiste David Lively (2019) \u2014 ont \u00e9t\u00e9 unanimement r\u00e9compens\u00e9s par la presse : FFFF de <i>T\u00e9l\u00e9rama<\/i>, 5 Diapasons, 5 \u00e9toiles <i>Classica<\/i>, etc.<\/p>\n<p class=\"p1\">Son sixi\u00e8me CD <i>Granada<\/i>, consacr\u00e9 \u00e0 la musique espagnole pour violon et piano avec Ferenc Vizi, est paru chez Apart\u00e9 le 4 avril 2025.<\/p>\n<p>Read more : <a href=\"http:\/\/www.elsagrether.com\" target=\"_blank\" rel=\"noopener\">www.elsagrether.com<\/a><\/p>","protected":false},"excerpt":{"rendered":"<p>Reconnue en France comme \u00e0 l\u2019international, la violoniste fran\u00e7aise Elsa Grether est l\u2019invit\u00e9e r\u00e9guli\u00e8re de salles et festivals prestigieux : Carnegie Weill de New York, Les Folles Journ\u00e9es de Nantes, Printemps des Arts de Monte-Carlo, Festivals Berlioz, Menton, Sully et du Loiret, Abbayes en Lorraine, Fontevraud, Musicales de Normandie, Flagey et Bozar en Belgique, Radio [&hellip;]<\/p>\n","protected":false},"author":1,"featured_media":0,"parent":0,"menu_order":0,"comment_status":"closed","ping_status":"open","template":"","meta":{"footnotes":""},"class_list":["post-36","page","type-page","status-publish","hentry"],"_links":{"self":[{"href":"https:\/\/eve-noire.com\/en\/wp-json\/wp\/v2\/pages\/36","targetHints":{"allow":["GET"]}}],"collection":[{"href":"https:\/\/eve-noire.com\/en\/wp-json\/wp\/v2\/pages"}],"about":[{"href":"https:\/\/eve-noire.com\/en\/wp-json\/wp\/v2\/types\/page"}],"author":[{"embeddable":true,"href":"https:\/\/eve-noire.com\/en\/wp-json\/wp\/v2\/users\/1"}],"replies":[{"embeddable":true,"href":"https:\/\/eve-noire.com\/en\/wp-json\/wp\/v2\/comments?post=36"}],"version-history":[{"count":32,"href":"https:\/\/eve-noire.com\/en\/wp-json\/wp\/v2\/pages\/36\/revisions"}],"predecessor-version":[{"id":690,"href":"https:\/\/eve-noire.com\/en\/wp-json\/wp\/v2\/pages\/36\/revisions\/690"}],"wp:attachment":[{"href":"https:\/\/eve-noire.com\/en\/wp-json\/wp\/v2\/media?parent=36"}],"curies":[{"name":"wp","href":"https:\/\/api.w.org\/{rel}","templated":true}]}}