{"id":38,"date":"2014-12-15T18:50:07","date_gmt":"2014-12-15T18:50:07","guid":{"rendered":"http:\/\/www.eve-noire.com\/?page_id=38"},"modified":"2026-03-07T14:30:34","modified_gmt":"2026-03-07T14:30:34","slug":"oumarou-bambara","status":"publish","type":"page","link":"https:\/\/eve-noire.com\/en\/oumarou-bambara\/","title":{"rendered":"Oumarou Bambara"},"content":{"rendered":"<p><img loading=\"lazy\" decoding=\"async\" class=\"size-medium wp-image-597 alignleft\" src=\"https:\/\/eve-noire.com\/wp-content\/uploads\/Screenshot-2025-10-06-at-15.13.58-227x345.png\" alt=\"\" width=\"227\" height=\"345\" srcset=\"https:\/\/eve-noire.com\/wp-content\/uploads\/Screenshot-2025-10-06-at-15.13.58-227x345.png 227w, https:\/\/eve-noire.com\/wp-content\/uploads\/Screenshot-2025-10-06-at-15.13.58-189x288.png 189w, https:\/\/eve-noire.com\/wp-content\/uploads\/Screenshot-2025-10-06-at-15.13.58.png 348w\" sizes=\"auto, (max-width: 227px) 100vw, 227px\" \/><\/p>\n<p class=\"p1\">N\u00e9 \u00e0 Bobo-Dioulasso, au Burkina Faso, Oumarou Bambara grandit dans le quartier mythique de Bolomakot\u00e9, v\u00e9ritable creuset musical. D\u00e8s l\u2019\u00e2ge de 7 ans, il est initi\u00e9 aux percussions aupr\u00e8s de grands ma\u00eetres : Mahama Konat\u00e9 (fondateur du groupe Farafina), Soungalo Traor\u00e9 et Paco Y\u00e9.<\/p>\n<p class=\"p1\">Tr\u00e8s t\u00f4t, sa virtuosit\u00e9 et sa sensibilit\u00e9 musicale le distinguent comme un multiinstrumentiste d\u2019exception, ma\u00eetrisant balafon, djemb\u00e9, kam\u00e9l\u00e9 n\u2019goni, doumdoum, bara, tama\u2026<\/p>\n<p class=\"p1\">Rep\u00e9r\u00e9 tr\u00e8s jeune, il int\u00e8gre Farafina et la troupe internationale th\u00e9\u00e2trale du Burkina, avant de fonder Farafina Juniors, Sababougnouma et Le Ballet Koba, avec lesquels il tourne \u00e0 travers l\u2019Europe.<\/p>\n<p class=\"p1\">Install\u00e9 en France depuis 1998, Mandela construit un parcours artistique riche et engag\u00e9. Il collabore avec de nombreuses compagnies majeures : Transe Express, Royal Deluxe, Les Grandes Personnes, Georges Momboye, Hassan Kouyat\u00e9.<\/p>\n<p class=\"p1\">Fondateur du groupe Kank\u00e9l\u00e9 avec C\u00e9dric Yenk, il se produit en France et \u00e0 l\u2019\u00e9tranger : Festival Afrika Esch (Luxembourg), Glaz\u2019Art (Paris), African Night (Eupen, Belgique), Festival Africolor, Solidays, Festival Musique de Jazz et d\u2019Ailleurs (Amiens), Les Couleurs du Jazz (Essonne), Musiques du Monde de Ris-Orangis, Percussions de Saint-Denis (La R\u00e9union)\u2026<\/p>\n<p class=\"p1\">Il joue \u00e9galement dans des salles parisiennes reconnues : Le Tamanoir, Le Satellite Caf\u00e9, Studio de l\u2019Ermitage, Canal 13, Le Divan du Monde.<\/p>\n<p class=\"p1\">Attentif \u00e0 la transmission, Oumarou Mandela Bambara con\u00e7oit \u00e9galement des spectacles pour le jeune public : il cr\u00e9e avec Jo\u00eblle Iffrig des contes musicaux chor\u00e9graphi\u00e9s et participe \u00e0 des programmes de musique baroque d\u00e9di\u00e9e \u00e0 la petite enfance.<\/p>\n<p class=\"p1\">Il compose et joue pour la danse contemporaine avec Les Alouettes Na\u00efves (dir. Emmanuel Rigaud), Dife Kako (dir. Chantal Lo\u00efal), ou encore avec Salia ni Seydou, Merlin Nyakam et le Ballet de Lorraine (dir. Didier Deschamps).<\/p>\n<p class=\"p1\">Musicien ouvert et curieux, il multiplie les collaborations : Amadou et Mariam, Mamady Ke\u00efta, Jean-Philippe Rykiel, Abdoulaye Diabat\u00e9, Balima, Jafricazz, Peaux d\u2019\u00c2mes, Saf Percussions, ou encore avec le Collectif Imp\u00e9rial, entre jazz, musiques improvis\u00e9es et po\u00e9sie sonore.<\/p>\n<p class=\"p1\">Il participe aussi \u00e0 des cr\u00e9ations de Nicolas Frize, figure majeure de la cr\u00e9ation sonore contemporaine.<\/p>\n<p class=\"p1\">Toujours \u00e0 la crois\u00e9e des langages, on le retrouve sur sc\u00e8ne avec Kery James lors du Juste Debout 2013, improvisant avec Eve Risser, ou explorant les vibrations reggaeworld du groupe Jinin.<\/p>\n<p class=\"p1\">Oumarou Mandela Bambara incarne un pont entre les traditions d\u2019Afrique de l\u2019Ouest et les sc\u00e8nes contemporaines europ\u00e9ennes. Un artiste inspir\u00e9 et inspirant, libre, ancr\u00e9 et profond\u00e9ment humain.<\/p>\n<p>Read more : <a href=\"https:\/\/oumarou-bambara.weebly.com\/\" target=\"_blank\" rel=\"noopener\">oumarou-bambara.weebly.com<\/a><\/p>","protected":false},"excerpt":{"rendered":"<p>N\u00e9 \u00e0 Bobo-Dioulasso, au Burkina Faso, Oumarou Bambara grandit dans le quartier mythique de Bolomakot\u00e9, v\u00e9ritable creuset musical. D\u00e8s l\u2019\u00e2ge de 7 ans, il est initi\u00e9 aux percussions aupr\u00e8s de grands ma\u00eetres : Mahama Konat\u00e9 (fondateur du groupe Farafina), Soungalo Traor\u00e9 et Paco Y\u00e9. Tr\u00e8s t\u00f4t, sa virtuosit\u00e9 et sa sensibilit\u00e9 musicale le distinguent comme [&hellip;]<\/p>\n","protected":false},"author":1,"featured_media":0,"parent":0,"menu_order":0,"comment_status":"closed","ping_status":"closed","template":"","meta":{"footnotes":""},"class_list":["post-38","page","type-page","status-publish","hentry"],"_links":{"self":[{"href":"https:\/\/eve-noire.com\/en\/wp-json\/wp\/v2\/pages\/38","targetHints":{"allow":["GET"]}}],"collection":[{"href":"https:\/\/eve-noire.com\/en\/wp-json\/wp\/v2\/pages"}],"about":[{"href":"https:\/\/eve-noire.com\/en\/wp-json\/wp\/v2\/types\/page"}],"author":[{"embeddable":true,"href":"https:\/\/eve-noire.com\/en\/wp-json\/wp\/v2\/users\/1"}],"replies":[{"embeddable":true,"href":"https:\/\/eve-noire.com\/en\/wp-json\/wp\/v2\/comments?post=38"}],"version-history":[{"count":18,"href":"https:\/\/eve-noire.com\/en\/wp-json\/wp\/v2\/pages\/38\/revisions"}],"predecessor-version":[{"id":694,"href":"https:\/\/eve-noire.com\/en\/wp-json\/wp\/v2\/pages\/38\/revisions\/694"}],"wp:attachment":[{"href":"https:\/\/eve-noire.com\/en\/wp-json\/wp\/v2\/media?parent=38"}],"curies":[{"name":"wp","href":"https:\/\/api.w.org\/{rel}","templated":true}]}}