{"id":452,"date":"2015-04-03T14:26:20","date_gmt":"2015-04-03T14:26:20","guid":{"rendered":"http:\/\/www.eve-noire.com\/?page_id=452"},"modified":"2026-03-07T13:57:00","modified_gmt":"2026-03-07T13:57:00","slug":"la-genese-essai","status":"publish","type":"page","link":"https:\/\/eve-noire.com\/en\/la-genese-essai\/","title":{"rendered":"The genesis"},"content":{"rendered":"<h2><em>I have a dream<\/em><\/h2>\n<p><strong>Virginie Aster<\/strong>, compositrice, part sur le continent africain dans les ann\u00e9es 2010 afin de v\u00e9rifier la faisabilit\u00e9 d\u2019un r\u00eave musical : unir le violon, instrument embl\u00e9matique de la musique classique aux rythmes africains les plus authentiques. Au travers de ses voyages et rencontres, Virginie se nourrit de cette po\u00e9tique orale, persuad\u00e9e que l\u2019\u00e2me du violon trouvera forc\u00e9ment \u00e9cho dans la profondeur des tambours africains.<\/p>\n<p>Peu \u00e0 peu la r\u00e9alit\u00e9 s\u2019impose : le bois du violon et les crins des chevaux rencontrent le bois des tambours et la peau des animaux. Un mariage d\u2019\u00e9vidence qui plonge la compositrice au c\u0153ur de ses origines, de sa nature-m\u00eame : <strong>\u00c8ve Noire<\/strong>, ode \u00e0 l\u2019\u00eatre premier, m\u00e8re universelle, est n\u00e9e.<\/p>\n<div class=\"image-aside\"><a href=\"https:\/\/eve-noire.com\/wp-content\/uploads\/78.jpg\" rel=\"lightbox[452]\"><img loading=\"lazy\" decoding=\"async\" class=\"wp-image-362 aligncenter\" src=\"https:\/\/eve-noire.com\/wp-content\/uploads\/78-700x394.jpg\" alt=\"\" width=\"391\" height=\"220\" srcset=\"https:\/\/eve-noire.com\/wp-content\/uploads\/78.jpg 700w, https:\/\/eve-noire.com\/wp-content\/uploads\/78-288x162.jpg 288w, https:\/\/eve-noire.com\/wp-content\/uploads\/78-624x351.jpg 624w\" sizes=\"auto, (max-width: 391px) 100vw, 391px\" \/><\/a><\/div>\n<p style=\"text-align: right;\">\n","protected":false},"excerpt":{"rendered":"<p>I have a dream Virginie Aster, compositrice, part sur le continent africain dans les ann\u00e9es 2010 afin de v\u00e9rifier la faisabilit\u00e9 d\u2019un r\u00eave musical : unir le violon, instrument embl\u00e9matique de la musique classique aux rythmes africains les plus authentiques. Au travers de ses voyages et rencontres, Virginie se nourrit de cette po\u00e9tique orale, persuad\u00e9e [&hellip;]<\/p>\n","protected":false},"author":2,"featured_media":0,"parent":0,"menu_order":0,"comment_status":"closed","ping_status":"open","template":"","meta":{"footnotes":""},"class_list":["post-452","page","type-page","status-publish","hentry"],"_links":{"self":[{"href":"https:\/\/eve-noire.com\/en\/wp-json\/wp\/v2\/pages\/452","targetHints":{"allow":["GET"]}}],"collection":[{"href":"https:\/\/eve-noire.com\/en\/wp-json\/wp\/v2\/pages"}],"about":[{"href":"https:\/\/eve-noire.com\/en\/wp-json\/wp\/v2\/types\/page"}],"author":[{"embeddable":true,"href":"https:\/\/eve-noire.com\/en\/wp-json\/wp\/v2\/users\/2"}],"replies":[{"embeddable":true,"href":"https:\/\/eve-noire.com\/en\/wp-json\/wp\/v2\/comments?post=452"}],"version-history":[{"count":22,"href":"https:\/\/eve-noire.com\/en\/wp-json\/wp\/v2\/pages\/452\/revisions"}],"predecessor-version":[{"id":669,"href":"https:\/\/eve-noire.com\/en\/wp-json\/wp\/v2\/pages\/452\/revisions\/669"}],"wp:attachment":[{"href":"https:\/\/eve-noire.com\/en\/wp-json\/wp\/v2\/media?parent=452"}],"curies":[{"name":"wp","href":"https:\/\/api.w.org\/{rel}","templated":true}]}}