{"id":46,"date":"2014-12-15T19:21:04","date_gmt":"2014-12-15T19:21:04","guid":{"rendered":"http:\/\/www.eve-noire.com\/?page_id=46"},"modified":"2026-03-07T14:07:28","modified_gmt":"2026-03-07T14:07:28","slug":"le-theme","status":"publish","type":"page","link":"https:\/\/eve-noire.com\/en\/le-theme\/","title":{"rendered":"The theme"},"content":{"rendered":"<p style=\"text-align: center;\"><strong><em>\u00ab\u00a0\u00d4 toi ma m\u00e8re<\/em><\/strong><br \/>\n<strong><em>Min\u00e9rale<\/em><\/strong><br \/>\n<strong><em>Visc\u00e9rale<\/em><\/strong><br \/>\n<strong><em>Noire et primordiale <\/em><i>\u00bb*<\/i><\/strong><\/p>\n<p><strong>\u00c8ve Noire<\/strong> est une ode \u00e0 l&rsquo;\u00eatre premier, l&rsquo;\u00c8ve originelle, m\u00e8re universelle.<\/p>\n<p>Une violoniste occidentale, un percussionniste africain, des images vid\u00e9o qui sugg\u00e8rent l\u2019\u00c8ve originelle dans une Afrique ancestrale, tribale et onirique\u2026 : comment ces trois entit\u00e9s que tout s\u00e9pare vont-elles parvenir \u00e0 coexister, \u00e0 s\u2019apprivoiser, \u00e0 vivre ensemble et s\u2019aimer ? Comment le noir se marie-t-il avec le blanc, la musique classique avec les rythmes africains, la sc\u00e8ne avec la vid\u00e9o, l\u2019Afrique avec l\u2019Occident, le monde d\u2019aujourd\u2019hui avec nos origines, l\u2019homme avec la femme ?<\/p>\n<p>&nbsp;<\/p>\n<p><a href=\"https:\/\/eve-noire.com\/wp-content\/uploads\/MG_9240-2.jpg\" rel=\"lightbox[46]\"><img loading=\"lazy\" decoding=\"async\" class=\"wp-image-359 aligncenter\" src=\"https:\/\/eve-noire.com\/wp-content\/uploads\/MG_9240-2-700x467.jpg\" alt=\"\" width=\"390\" height=\"261\" srcset=\"https:\/\/eve-noire.com\/wp-content\/uploads\/MG_9240-2.jpg 700w, https:\/\/eve-noire.com\/wp-content\/uploads\/MG_9240-2-288x192.jpg 288w, https:\/\/eve-noire.com\/wp-content\/uploads\/MG_9240-2-624x416.jpg 624w\" sizes=\"auto, (max-width: 390px) 100vw, 390px\" \/><\/a><\/p>\n<p>&nbsp;<\/p>\n<p>*Po\u00e8me de Virgine Aster<\/p>\n<p>&nbsp;<\/p>\n<div class=\"image-aside\"><\/div>\n","protected":false},"excerpt":{"rendered":"<p>\u00ab\u00a0\u00d4 toi ma m\u00e8re Min\u00e9rale Visc\u00e9rale Noire et primordiale \u00bb* \u00c8ve Noire est une ode \u00e0 l&rsquo;\u00eatre premier, l&rsquo;\u00c8ve originelle, m\u00e8re universelle. Une violoniste occidentale, un percussionniste africain, des images vid\u00e9o qui sugg\u00e8rent l\u2019\u00c8ve originelle dans une Afrique ancestrale, tribale et onirique\u2026 : comment ces trois entit\u00e9s que tout s\u00e9pare vont-elles parvenir \u00e0 coexister, \u00e0 [&hellip;]<\/p>\n","protected":false},"author":1,"featured_media":0,"parent":0,"menu_order":0,"comment_status":"closed","ping_status":"open","template":"","meta":{"footnotes":""},"class_list":["post-46","page","type-page","status-publish","hentry"],"_links":{"self":[{"href":"https:\/\/eve-noire.com\/en\/wp-json\/wp\/v2\/pages\/46","targetHints":{"allow":["GET"]}}],"collection":[{"href":"https:\/\/eve-noire.com\/en\/wp-json\/wp\/v2\/pages"}],"about":[{"href":"https:\/\/eve-noire.com\/en\/wp-json\/wp\/v2\/types\/page"}],"author":[{"embeddable":true,"href":"https:\/\/eve-noire.com\/en\/wp-json\/wp\/v2\/users\/1"}],"replies":[{"embeddable":true,"href":"https:\/\/eve-noire.com\/en\/wp-json\/wp\/v2\/comments?post=46"}],"version-history":[{"count":28,"href":"https:\/\/eve-noire.com\/en\/wp-json\/wp\/v2\/pages\/46\/revisions"}],"predecessor-version":[{"id":677,"href":"https:\/\/eve-noire.com\/en\/wp-json\/wp\/v2\/pages\/46\/revisions\/677"}],"wp:attachment":[{"href":"https:\/\/eve-noire.com\/en\/wp-json\/wp\/v2\/media?parent=46"}],"curies":[{"name":"wp","href":"https:\/\/api.w.org\/{rel}","templated":true}]}}