{"id":48,"date":"2014-12-15T19:21:52","date_gmt":"2014-12-15T19:21:52","guid":{"rendered":"http:\/\/www.eve-noire.com\/?page_id=48"},"modified":"2026-03-07T14:10:17","modified_gmt":"2026-03-07T14:10:17","slug":"lunivers-musical","status":"publish","type":"page","link":"https:\/\/eve-noire.com\/en\/lunivers-musical\/","title":{"rendered":"The musical universe"},"content":{"rendered":"<p><strong>\u00c8ve Noire<\/strong> is a journey into the depths of classical and African music, performed by two performers who take us on a musical tale without words. The sounds and melodies of the violin are nourished by classical and contemporary Western musical culture, while the African percussion instruments, mainly from West Africa, remain as close as possible to their origins, where each instrument and rhythm accompanied a particular event in the life of the tribe. <strong>\u00c8ve Noire<\/strong>\u00a0brings these two worlds together, creating a musical unity that is at once classical, contemporary, ethnic and dreamlike.<\/p>\n<p>Instruments :<\/p>\n<ul>\n<li>The violin,<\/li>\n<li>African percussion: djembe, doundounba, kenkeni, sangban, krin, s\u00e9gu\u00e9 s\u00e9gu\u00e9, tama, five-headed drum, water drum,<\/li>\n<li class=\"li1\">Rain stick, thunder percussion,<\/li>\n<li>Soundtracks.<\/li>\n<\/ul>\n<p><strong>Listen to an extract :<\/strong><\/p>\n<div align=\"center\">\n<div style=\"width: 625px;\" class=\"wp-video\"><video class=\"wp-video-shortcode\" id=\"video-48-1\" width=\"625\" height=\"352\" preload=\"metadata\" controls=\"controls\"><source type=\"video\/mp4\" src=\"https:\/\/eve-noire.com\/wp-content\/uploads\/Extraits-Eve-Noire-pour-violon-et-percussions-africaines.mp4?_=1\" \/><a href=\"https:\/\/eve-noire.com\/wp-content\/uploads\/Extraits-Eve-Noire-pour-violon-et-percussions-africaines.mp4\">https:\/\/eve-noire.com\/wp-content\/uploads\/Extraits-Eve-Noire-pour-violon-et-percussions-africaines.mp4<\/a><\/video><\/div>\n<\/div>\n<p>&nbsp;<\/p>\n<div class=\"miniature\">\u00a0 \u00a0<img loading=\"lazy\" decoding=\"async\" class=\"alignnone size-full wp-image-486\" src=\"https:\/\/eve-noire.com\/wp-content\/uploads\/LigneB345.jpg\" alt=\"LigneB345\" width=\"345\" height=\"1\" srcset=\"https:\/\/eve-noire.com\/wp-content\/uploads\/LigneB345.jpg 345w, https:\/\/eve-noire.com\/wp-content\/uploads\/LigneB345-288x1.jpg 288w\" sizes=\"auto, (max-width: 345px) 100vw, 345px\" \/><\/div>\n<div class=\"image-aside\"><\/div>","protected":false},"excerpt":{"rendered":"<p>\u00c8ve Noire est un voyage au plus profond de la musique classique et africaine servi par deux interpr\u00e8tes qui nous emm\u00e8nent dans un conte musical sans parole. Les sonorit\u00e9s et m\u00e9lodies du violon sont nourries de la culture musicale occidentale classique et contemporaine tandis que les percussions africaines, principalement issues d\u2019Afrique de l\u2019Ouest, restent au [&hellip;]<\/p>\n","protected":false},"author":1,"featured_media":0,"parent":0,"menu_order":0,"comment_status":"closed","ping_status":"open","template":"","meta":{"footnotes":""},"class_list":["post-48","page","type-page","status-publish","hentry"],"_links":{"self":[{"href":"https:\/\/eve-noire.com\/en\/wp-json\/wp\/v2\/pages\/48","targetHints":{"allow":["GET"]}}],"collection":[{"href":"https:\/\/eve-noire.com\/en\/wp-json\/wp\/v2\/pages"}],"about":[{"href":"https:\/\/eve-noire.com\/en\/wp-json\/wp\/v2\/types\/page"}],"author":[{"embeddable":true,"href":"https:\/\/eve-noire.com\/en\/wp-json\/wp\/v2\/users\/1"}],"replies":[{"embeddable":true,"href":"https:\/\/eve-noire.com\/en\/wp-json\/wp\/v2\/comments?post=48"}],"version-history":[{"count":21,"href":"https:\/\/eve-noire.com\/en\/wp-json\/wp\/v2\/pages\/48\/revisions"}],"predecessor-version":[{"id":678,"href":"https:\/\/eve-noire.com\/en\/wp-json\/wp\/v2\/pages\/48\/revisions\/678"}],"wp:attachment":[{"href":"https:\/\/eve-noire.com\/en\/wp-json\/wp\/v2\/media?parent=48"}],"curies":[{"name":"wp","href":"https:\/\/api.w.org\/{rel}","templated":true}]}}