{"id":50,"date":"2014-12-15T19:22:59","date_gmt":"2014-12-15T19:22:59","guid":{"rendered":"http:\/\/www.eve-noire.com\/?page_id=50"},"modified":"2026-03-07T14:18:21","modified_gmt":"2026-03-07T14:18:21","slug":"les-formats","status":"publish","type":"page","link":"https:\/\/eve-noire.com\/en\/les-formats\/","title":{"rendered":"Formats"},"content":{"rendered":"<p class=\"p1\">Con\u00e7ue d\u00e8s l\u2019origine comme une \u0153uvre modulable, <strong>\u00c8ve Noire<\/strong> peut \u00eatre pr\u00e9sent\u00e9e dans diff\u00e9rentes dur\u00e9es et configurations tout en conservant pleinement son identit\u00e9 artistique. Cette souplesse fait partie int\u00e9grante de l\u2019ADN du projet et permet \u00e0 l\u2019\u0153uvre de s\u2019adapter \u00e0 des contextes de repr\u00e9sentation tr\u00e8s vari\u00e9s.<\/p>\n<p class=\"p1\">Si le lieu est \u00e9quip\u00e9, deux courtes bandes sonores peuvent \u00eatre int\u00e9gr\u00e9es au spectacle afin d\u2019enrichir ponctuellement l\u2019environnement sonore.<\/p>\n<h4><strong>Concert <\/strong>\u2014 <strong><span style=\"color: #e0011c;\">1h10<\/span><\/strong><\/h4>\n<p class=\"p1\">Deux musiciens, une violoniste et un percussionniste, nous entra\u00eenent dans un univers o\u00f9 le violon rencontre les rythmes et les instruments de percussion d\u2019Afrique subsaharienne.<\/p>\n<p class=\"p1\">\u00c0 travers la musique, la pr\u00e9sence sc\u00e9nique et les d\u00e9placements des interpr\u00e8tes se d\u00e9ploie un v\u00e9ritable voyage musical. Les musiciens ne sont pas seulement instrumentistes : ils deviennent les acteurs de l\u2019aventure qu\u2019ils partagent avec le public.<\/p>\n<p class=\"p1\">Cette version peut \u00eatre pr\u00e9sent\u00e9e en salle avec mise en lumi\u00e8re<b>,<\/b> mais aussi sans cr\u00e9ation lumi\u00e8re ou en ext\u00e9rieur, l\u2019\u0153uvre conservant toute sa force dans des contextes de repr\u00e9sentation tr\u00e8s diff\u00e9rents.<\/p>\n<h4><strong>Concert-spectacle \u2014 <span style=\"color: #e0011c;\">1h20<\/span><\/strong><\/h4>\n<p class=\"p1\">La version concert-spectacle peut \u00e9galement \u00eatre propos\u00e9e dans une dur\u00e9e plus courte.<\/p>\n<p class=\"p1\">Elle associe la musique, la pr\u00e9sence sc\u00e9nique des interpr\u00e8tes, une cr\u00e9ation lumi\u00e8re et des projections vid\u00e9o film\u00e9es en Afrique subsaharienne. Ces images dialoguent avec ce qui se joue sur sc\u00e8ne et prolongent l\u2019univers musical.<\/p>\n<p class=\"p1\">Le spectateur est ainsi plong\u00e9 dans un voyage sensoriel au c\u0153ur de paysages immenses et puissants, \u00e0 la rencontre d\u2019une \u00c8ve originelle sublim\u00e9e par l\u2019art africain.<\/p>\n<p class=\"p1\">Les musiciens \u2014 une violoniste occidentale et un percussionniste africain \u2014 plong\u00e9s dans cet univers premier, partent \u00e0 la rencontre de leurs origines et l\u2019un de l\u2019autre. Peu \u00e0 peu, ils apprennent \u00e0 d\u00e9chiffrer leurs langages, \u00e0 comprendre leurs cultures et \u00e0 s\u2019enrichir de leurs diff\u00e9rences.<\/p>\n<h4><strong>Version jeune public\u00a0<\/strong>\u2014 <strong><span style=\"color: #e0011c;\">40&prime;<\/span><\/strong><\/h4>\n<p class=\"p1\">Un temps d\u2019\u00e9change avec les musiciens est propos\u00e9 \u00e0 l\u2019issue du concert sous forme de questions-r\u00e9ponses avec le jeune public.<\/p>\n<p class=\"p1\">Cette version d\u2019<i>\u00c8ve Noire<\/i> constitue un moment \u00e0 la fois r\u00e9cr\u00e9atif et p\u00e9dagogique destin\u00e9 \u00e0 d\u00e9velopper l\u2019ouverture culturelle des plus jeunes dans un format adapt\u00e9. Les extraits sont choisis pour leur accessibilit\u00e9 et permettent :<\/p>\n<ul class=\"ul1\">\n<li class=\"li1\">un \u00e9veil culturel, \u00e0 travers la rencontre entre musique classique occidentale et musiques traditionnelles d\u2019Afrique subsaharienne ;<\/li>\n<li class=\"li1\">un \u00e9veil musical, gr\u00e2ce \u00e0 la d\u00e9couverte des diff\u00e9rentes sonorit\u00e9s du violon et des instruments de percussion.<\/li>\n<\/ul>\n<p><strong>M\u00e9diation<\/strong><\/p>\n<p class=\"p1\">Des ateliers peuvent \u00eatre organis\u00e9s avec les musiciens et la compositrice : pr\u00e9sentation des instruments, participation \u00e0 un morceau \u00e0 partir de formules rythmiques simples transmises aux participants, fabrication d\u2019instruments\u2026<\/p>\n<p class=\"p1\">Lors de son s\u00e9jour sur le continent africain, Virginie Aster a \u00e9galement eu \u00e0 c\u0153ur de faire d\u00e9couvrir le violon \u00e0 de nombreux enfants au fil de ses rencontres.<\/p>\n<div style=\"text-align: center;\"><a href=\"https:\/\/eve-noire.com\/wp-content\/uploads\/S\u00e9n\u00e9gal-672.jpg\" rel=\"lightbox[50]\"><img loading=\"lazy\" decoding=\"async\" class=\"aligndual alignnone wp-image-333\" src=\"https:\/\/eve-noire.com\/wp-content\/uploads\/S\u00e9n\u00e9gal-672-700x465.jpg\" alt=\"S\u00e9n\u00e9gal-672\" width=\"380\" height=\"252\" srcset=\"https:\/\/eve-noire.com\/wp-content\/uploads\/S\u00e9n\u00e9gal-672.jpg 700w, https:\/\/eve-noire.com\/wp-content\/uploads\/S\u00e9n\u00e9gal-672-288x191.jpg 288w, https:\/\/eve-noire.com\/wp-content\/uploads\/S\u00e9n\u00e9gal-672-624x415.jpg 624w\" sizes=\"auto, (max-width: 380px) 100vw, 380px\" \/><\/a><a href=\"https:\/\/eve-noire.com\/wp-content\/uploads\/S\u00e9n\u00e9gal-668.jpg\" rel=\"lightbox[50]\"><img loading=\"lazy\" decoding=\"async\" class=\"aligndual alignnone wp-image-332\" src=\"https:\/\/eve-noire.com\/wp-content\/uploads\/S\u00e9n\u00e9gal-668-700x465.jpg\" alt=\"S\u00e9n\u00e9gal-668\" width=\"380\" height=\"252\" srcset=\"https:\/\/eve-noire.com\/wp-content\/uploads\/S\u00e9n\u00e9gal-668.jpg 700w, https:\/\/eve-noire.com\/wp-content\/uploads\/S\u00e9n\u00e9gal-668-288x191.jpg 288w, https:\/\/eve-noire.com\/wp-content\/uploads\/S\u00e9n\u00e9gal-668-624x415.jpg 624w\" sizes=\"auto, (max-width: 380px) 100vw, 380px\" \/><\/a><\/div>\n","protected":false},"excerpt":{"rendered":"<p>Con\u00e7ue d\u00e8s l\u2019origine comme une \u0153uvre modulable, \u00c8ve Noire peut \u00eatre pr\u00e9sent\u00e9e dans diff\u00e9rentes dur\u00e9es et configurations tout en conservant pleinement son identit\u00e9 artistique. Cette souplesse fait partie int\u00e9grante de l\u2019ADN du projet et permet \u00e0 l\u2019\u0153uvre de s\u2019adapter \u00e0 des contextes de repr\u00e9sentation tr\u00e8s vari\u00e9s. Si le lieu est \u00e9quip\u00e9, deux courtes bandes sonores [&hellip;]<\/p>\n","protected":false},"author":1,"featured_media":0,"parent":0,"menu_order":0,"comment_status":"closed","ping_status":"open","template":"page-templates\/full-width.php","meta":{"footnotes":""},"class_list":["post-50","page","type-page","status-publish","hentry"],"_links":{"self":[{"href":"https:\/\/eve-noire.com\/en\/wp-json\/wp\/v2\/pages\/50","targetHints":{"allow":["GET"]}}],"collection":[{"href":"https:\/\/eve-noire.com\/en\/wp-json\/wp\/v2\/pages"}],"about":[{"href":"https:\/\/eve-noire.com\/en\/wp-json\/wp\/v2\/types\/page"}],"author":[{"embeddable":true,"href":"https:\/\/eve-noire.com\/en\/wp-json\/wp\/v2\/users\/1"}],"replies":[{"embeddable":true,"href":"https:\/\/eve-noire.com\/en\/wp-json\/wp\/v2\/comments?post=50"}],"version-history":[{"count":18,"href":"https:\/\/eve-noire.com\/en\/wp-json\/wp\/v2\/pages\/50\/revisions"}],"predecessor-version":[{"id":682,"href":"https:\/\/eve-noire.com\/en\/wp-json\/wp\/v2\/pages\/50\/revisions\/682"}],"wp:attachment":[{"href":"https:\/\/eve-noire.com\/en\/wp-json\/wp\/v2\/media?parent=50"}],"curies":[{"name":"wp","href":"https:\/\/api.w.org\/{rel}","templated":true}]}}