{"id":57,"date":"2014-12-15T19:31:43","date_gmt":"2014-12-15T19:31:43","guid":{"rendered":"http:\/\/www.eve-noire.com\/?page_id=57"},"modified":"2026-03-07T14:12:39","modified_gmt":"2026-03-07T14:12:39","slug":"la-mise-en-scene","status":"publish","type":"page","link":"https:\/\/eve-noire.com\/en\/la-mise-en-scene\/","title":{"rendered":"Setting the scene"},"content":{"rendered":"<p class=\"p1\">Sur sc\u00e8ne, les deux instrumentistes construisent un dialogue vivant o\u00f9 les timbres, les gestes et les \u00e9nergies se r\u00e9pondent et r\u00e9v\u00e8lent une m\u00eame \u00e9nergie du son. La musique devient narration, le concert se fait exp\u00e9rience sc\u00e9nique.<\/p>\n<p class=\"p2\">\u00c0 la crois\u00e9e du concert et de la forme th\u00e9\u00e2trale, <b>\u00c8ve Noire<\/b> propose un voyage musical sensible et immersif, port\u00e9 par la pr\u00e9sence des interpr\u00e8tes \u00e0 la rencontre de l\u2019Autre. Malgr\u00e9 leurs diff\u00e9rences, leurs peurs et leurs querelles, les musiciens parviendront-ils \u00e0 s\u2019\u00e9couter, \u00e0 s\u2019entendre et peut-\u00eatre \u00e0 s\u2019aimer ? La mise en sc\u00e8ne fait \u00e9merger, au fil de la musique, cette fragile possibilit\u00e9.<\/p>\n<p class=\"p4\">Des images vid\u00e9o projet\u00e9es, film\u00e9es en Afrique subsaharienne, dialoguent avec ce qui se joue sur sc\u00e8ne : elles prolongent la musique, r\u00e9pondent aux gestes des interpr\u00e8tes et ouvrent un espace visuel qui \u00e9largit la dramaturgie de l\u2019\u0153uvre.<\/p>\n<p class=\"p4\">Une cr\u00e9ation lumi\u00e8re vient \u00e9galement sculpter l\u2019espace sc\u00e9nique et accompagner les diff\u00e9rentes tensions et respirations musicales.<\/p>\n<p><span style=\"font-size: 1rem;\">\u00a0<\/span><\/p>\n<div class=\"miniature\">\u00a0 \u00a0<img loading=\"lazy\" decoding=\"async\" class=\"alignnone wp-image-486 size-full\" src=\"https:\/\/eve-noire.com\/wp-content\/uploads\/LigneB345.jpg\" alt=\"\" width=\"345\" height=\"1\" srcset=\"https:\/\/eve-noire.com\/wp-content\/uploads\/LigneB345.jpg 345w, https:\/\/eve-noire.com\/wp-content\/uploads\/LigneB345-288x1.jpg 288w\" sizes=\"auto, (max-width: 345px) 100vw, 345px\" \/><\/div>\n<div class=\"image-aside\"><\/div>\n<p>&nbsp;<\/p>\n<p style=\"text-align: right;\">","protected":false},"excerpt":{"rendered":"<p>Sur sc\u00e8ne, les deux instrumentistes construisent un dialogue vivant o\u00f9 les timbres, les gestes et les \u00e9nergies se r\u00e9pondent et r\u00e9v\u00e8lent une m\u00eame \u00e9nergie du son. La musique devient narration, le concert se fait exp\u00e9rience sc\u00e9nique. \u00c0 la crois\u00e9e du concert et de la forme th\u00e9\u00e2trale, \u00c8ve Noire propose un voyage musical sensible et immersif, [&hellip;]<\/p>\n","protected":false},"author":1,"featured_media":0,"parent":0,"menu_order":0,"comment_status":"closed","ping_status":"closed","template":"","meta":{"footnotes":""},"class_list":["post-57","page","type-page","status-publish","hentry"],"_links":{"self":[{"href":"https:\/\/eve-noire.com\/en\/wp-json\/wp\/v2\/pages\/57","targetHints":{"allow":["GET"]}}],"collection":[{"href":"https:\/\/eve-noire.com\/en\/wp-json\/wp\/v2\/pages"}],"about":[{"href":"https:\/\/eve-noire.com\/en\/wp-json\/wp\/v2\/types\/page"}],"author":[{"embeddable":true,"href":"https:\/\/eve-noire.com\/en\/wp-json\/wp\/v2\/users\/1"}],"replies":[{"embeddable":true,"href":"https:\/\/eve-noire.com\/en\/wp-json\/wp\/v2\/comments?post=57"}],"version-history":[{"count":10,"href":"https:\/\/eve-noire.com\/en\/wp-json\/wp\/v2\/pages\/57\/revisions"}],"predecessor-version":[{"id":680,"href":"https:\/\/eve-noire.com\/en\/wp-json\/wp\/v2\/pages\/57\/revisions\/680"}],"wp:attachment":[{"href":"https:\/\/eve-noire.com\/en\/wp-json\/wp\/v2\/media?parent=57"}],"curies":[{"name":"wp","href":"https:\/\/api.w.org\/{rel}","templated":true}]}}