{"id":613,"date":"2025-10-06T13:47:25","date_gmt":"2025-10-06T13:47:25","guid":{"rendered":"https:\/\/www.eve-noire.com\/?page_id=613"},"modified":"2026-03-07T15:02:30","modified_gmt":"2026-03-07T15:02:30","slug":"agenda","status":"publish","type":"page","link":"https:\/\/eve-noire.com\/en\/agenda\/","title":{"rendered":"Dates"},"content":{"rendered":"<div dir=\"ltr\"><\/div>\n<div dir=\"ltr\"><span style=\"font-size: 1rem;\">Les premi\u00e8res dates de diffusion d<strong>\u2019<\/strong><\/span><strong>\u00c8ve Noire<\/strong><span style=\"font-size: 1rem;\"> t\u00e9moignent de l\u2019int\u00e9r\u00eat suscit\u00e9 par cette cr\u00e9ation aupr\u00e8s de festivals, lieux de programmation et actions culturelles. Le projet se d\u00e9ploie sous plusieurs formats \u2014 concert, spectacle et m\u00e9diation \u2014 selon les contextes de repr\u00e9sentation.<\/span><\/div>\n<div dir=\"ltr\">\n<h2 class=\"p3\"><strong>Tourn\u00e9e 2026 \u2014 version concert &amp; actions p\u00e9dagogiques<\/strong><\/h2>\n<p class=\"p1\"><b>13\u201314 f\u00e9vrier 2026<\/b><br \/>\nSaint-Plantaire (Indre) \u2014 Festival <b>Hors Saison Musicale<\/b><span class=\"s1\"><b><br \/>\n<\/b><\/span>Ateliers p\u00e9dagogiques autour d\u2019<i>\u00c8ve Noire<\/i><\/p>\n<p class=\"p4\"><span class=\"s2\"><b>15 f\u00e9vrier 2026<\/b><br \/>\nSaint-Plantaire (Indre) \u2014 Festival <a href=\"https:\/\/eve-noire.com\/en\/violon-et-percussions-africaines-sunissent-le-temps-dun-concert-14-fevrier-2026\/\" target=\"_blank\" rel=\"noopener\"><b>Hors Saison Musicale<\/b><\/a><\/span><span class=\"s2\"><br \/>\nConcert <i>\u00c8ve Noire<\/i><\/span><\/p>\n<p class=\"p1\"><b>28 mars 2026<\/b><br \/>\nVenarey-les-Laumes (C\u00f4te-d\u2019Or) \u2014 Festival <b>Hors Saison Musicale<\/b><br \/>\nConcerts de partage \u2014 publics emp\u00each\u00e9s<\/p>\n<p class=\"p1\"><b>29 mars 2026<\/b><br \/>\nVenarey-les-Laumes (C\u00f4te-d\u2019Or) \u2014 Festival <b>Hors Saison Musicale\u00a0<\/b><br \/>\nConcert <i>\u00c8ve Noire<\/i><\/p>\n<p class=\"p1\"><b>18 avril 2026<\/b><br \/>\nAbbaye de la Celle (Var) \u2014 Festival <a href=\"https:\/\/festivalpresencecompositrices.com\/event\/eve-noire-la-genese\/\" target=\"_blank\" rel=\"noopener\"><b>Pr\u00e9sence Compositrices<\/b><\/a><br \/>\nConcert <i>\u00c8ve Noire<\/i><\/p>\n<p class=\"p1\"><b>21 mai 2026<\/b><br \/>\nCordes-sur-Ciel (Tarn) \u2014 Festival <b>Cordes sur Ciel<\/b><br \/>\nConcert <i>\u00c8ve Noire<\/i> \u2014 pr\u00e9sentation du festival<\/p>\n<\/div>\n<h2 class=\"p1\"><strong>Cr\u00e9ation sc\u00e9nique \u2014 version spectacle<\/strong><\/h2>\n<p class=\"p2\"><b>17 octobre 2026<\/b><br \/>\nIvry-sur-Seine (Val-de-Marne) \u2014 <b>Th\u00e9\u00e2tre Aleph<\/b><br \/>\n<i>\u00c8ve Noire<\/i> \u2014 version spectacle<\/p>\n<h2 class=\"p1\"><strong>Enregistrement<\/strong><\/h2>\n<p class=\"p2\"><b>F\u00e9vrier 2027<\/b><br \/>\nSortie discographique d\u2019<i>\u00c8ve Noire<\/i><br \/>\nLabel <a href=\"https:\/\/acelproductions.com\/label.html\" target=\"_blank\" rel=\"noopener\"><b>ACEL<\/b><\/a><b><\/b><\/p>","protected":false},"excerpt":{"rendered":"<p>Les premi\u00e8res dates de diffusion d\u2019\u00c8ve Noire t\u00e9moignent de l\u2019int\u00e9r\u00eat suscit\u00e9 par cette cr\u00e9ation aupr\u00e8s de festivals, lieux de programmation et actions culturelles. Le projet se d\u00e9ploie sous plusieurs formats \u2014 concert, spectacle et m\u00e9diation \u2014 selon les contextes de repr\u00e9sentation. Tourn\u00e9e 2026 \u2014 version concert &amp; actions p\u00e9dagogiques 13\u201314 f\u00e9vrier 2026 Saint-Plantaire (Indre) \u2014 [&hellip;]<\/p>\n","protected":false},"author":1,"featured_media":0,"parent":0,"menu_order":0,"comment_status":"closed","ping_status":"closed","template":"","meta":{"footnotes":""},"class_list":["post-613","page","type-page","status-publish","hentry"],"_links":{"self":[{"href":"https:\/\/eve-noire.com\/en\/wp-json\/wp\/v2\/pages\/613","targetHints":{"allow":["GET"]}}],"collection":[{"href":"https:\/\/eve-noire.com\/en\/wp-json\/wp\/v2\/pages"}],"about":[{"href":"https:\/\/eve-noire.com\/en\/wp-json\/wp\/v2\/types\/page"}],"author":[{"embeddable":true,"href":"https:\/\/eve-noire.com\/en\/wp-json\/wp\/v2\/users\/1"}],"replies":[{"embeddable":true,"href":"https:\/\/eve-noire.com\/en\/wp-json\/wp\/v2\/comments?post=613"}],"version-history":[{"count":19,"href":"https:\/\/eve-noire.com\/en\/wp-json\/wp\/v2\/pages\/613\/revisions"}],"predecessor-version":[{"id":723,"href":"https:\/\/eve-noire.com\/en\/wp-json\/wp\/v2\/pages\/613\/revisions\/723"}],"wp:attachment":[{"href":"https:\/\/eve-noire.com\/en\/wp-json\/wp\/v2\/media?parent=613"}],"curies":[{"name":"wp","href":"https:\/\/api.w.org\/{rel}","templated":true}]}}