{"id":7,"date":"2014-12-15T17:36:37","date_gmt":"2014-12-15T17:36:37","guid":{"rendered":"http:\/\/www.eve-noire.com\/?page_id=7"},"modified":"2026-03-07T13:52:24","modified_gmt":"2026-03-07T13:52:24","slug":"eve-noire-pour-violon-et-percussions-africaines","status":"publish","type":"page","link":"https:\/\/eve-noire.com\/en\/","title":{"rendered":"\u00c8ve Noire"},"content":{"rendered":"<h2>for violin and African percussion<\/h2>\n<p style=\"margin-bottom: 6px;\"><strong>Listen to an extract:<\/strong><\/p>\n<div style=\"width: 625px;\" class=\"wp-video\"><video class=\"wp-video-shortcode\" id=\"video-7-1\" width=\"625\" height=\"352\" preload=\"metadata\" controls=\"controls\"><source type=\"video\/mp4\" src=\"https:\/\/eve-noire.com\/wp-content\/uploads\/Extraits-Eve-Noire-pour-violon-et-percussions-africaines.mp4?_=1\" \/><a href=\"https:\/\/eve-noire.com\/wp-content\/uploads\/Extraits-Eve-Noire-pour-violon-et-percussions-africaines.mp4\">https:\/\/eve-noire.com\/wp-content\/uploads\/Extraits-Eve-Noire-pour-violon-et-percussions-africaines.mp4<\/a><\/video><\/div>\n<div id=\"accueil\">\n<p>&nbsp;<\/p>\n<p><strong>\u00c8ve Noire<\/strong> is a musical and human experience, a journey into the depths of classical and African music to return to the very essence of our existence: first being.<\/p>\n<p>A Western violinist, an African percussionist, video images that suggest Eve originelle in an ancestral, tribal and dreamlike Africa...<\/p>\n<p><strong>\u00c8ve Noire<\/strong> is an experimental journey that brings together music, lighting design, stage and video projections in sets made up of different tableaux.<\/p>\n<p><strong><strong class=\"Yjhzub\" data-sfc-cb=\"\">\u00c8<\/strong>ve Noire<\/strong> is a work that blends Western written tradition with African oral poetics: it's music that's at once classical, contemporary, ethnic and dreamlike.<\/p>\n<p>&nbsp;<\/p>\n<\/div>\n<div id=\"accueil\">\n<p><a href=\"https:\/\/eve-noire.com\/en\/agenda\/\" target=\"_blank\" rel=\"noopener\">Visit<\/a><a href=\"https:\/\/eve-noire.com\/en\/agenda\/\" target=\"_blank\" rel=\"noopener\"> concert dates.<\/a><\/p>\n<\/div>","protected":false},"excerpt":{"rendered":"<p>pour violon et percussions africaines \u00c9coutez un extrait : &nbsp; \u00c8ve Noire est une exp\u00e9rience musicale et humaine, un voyage au plus profond de la musique classique et africaine pour revenir \u00e0 l&rsquo;essence m\u00eame de notre existence : le premier \u00eatre. Une violoniste occidentale, un percussionniste africain, des images vid\u00e9o qui sugg\u00e8rent Eve originelle dans [&hellip;]<\/p>\n","protected":false},"author":1,"featured_media":367,"parent":0,"menu_order":0,"comment_status":"closed","ping_status":"closed","template":"page-templates\/front-page.php","meta":{"footnotes":""},"class_list":["post-7","page","type-page","status-publish","has-post-thumbnail","hentry"],"_links":{"self":[{"href":"https:\/\/eve-noire.com\/en\/wp-json\/wp\/v2\/pages\/7","targetHints":{"allow":["GET"]}}],"collection":[{"href":"https:\/\/eve-noire.com\/en\/wp-json\/wp\/v2\/pages"}],"about":[{"href":"https:\/\/eve-noire.com\/en\/wp-json\/wp\/v2\/types\/page"}],"author":[{"embeddable":true,"href":"https:\/\/eve-noire.com\/en\/wp-json\/wp\/v2\/users\/1"}],"replies":[{"embeddable":true,"href":"https:\/\/eve-noire.com\/en\/wp-json\/wp\/v2\/comments?post=7"}],"version-history":[{"count":32,"href":"https:\/\/eve-noire.com\/en\/wp-json\/wp\/v2\/pages\/7\/revisions"}],"predecessor-version":[{"id":668,"href":"https:\/\/eve-noire.com\/en\/wp-json\/wp\/v2\/pages\/7\/revisions\/668"}],"wp:featuredmedia":[{"embeddable":true,"href":"https:\/\/eve-noire.com\/en\/wp-json\/wp\/v2\/media\/367"}],"wp:attachment":[{"href":"https:\/\/eve-noire.com\/en\/wp-json\/wp\/v2\/media?parent=7"}],"curies":[{"name":"wp","href":"https:\/\/api.w.org\/{rel}","templated":true}]}}